{"id":1467,"date":"2019-04-08T08:05:57","date_gmt":"2019-04-08T08:05:57","guid":{"rendered":"http:\/\/www.manin.es\/?page_id=1467"},"modified":"2020-09-22T08:01:29","modified_gmt":"2020-09-22T08:01:29","slug":"politica-de-cookies","status":"publish","type":"page","link":"https:\/\/www.manin.es\/en\/politica-de-cookies\/","title":{"rendered":"Pol\u00edtica de cookies"},"content":{"rendered":"<div      class=\"vc_row wpb_row section vc_row-fluid\" style=' text-align:left;'><div class=\"full_section_inner clearfix\"><div class=\"wpb_column vc_column_container vc_col-sm-2\"><div class=\"vc_column-inner\"><div class=\"wpb_wrapper\"><\/div><\/div><\/div><div class=\"wpb_column vc_column_container vc_col-sm-8\"><div class=\"vc_column-inner\"><div class=\"wpb_wrapper\">\n\t<div class=\"wpb_text_column wpb_content_element\">\n\t\t<div class=\"wpb_wrapper\">\n\t\t\t<h1>Pol\u00edtica de cookies.<\/h1>\n<p>&nbsp;<\/p>\n<p><strong>a)<\/strong> <strong>Definici\u00f3n y funci\u00f3n gen\u00e9rica de las<\/strong> <strong>cookies.<\/strong><\/p>\n<p>El titular de este sitio web informa que se utilizan cookies y\/o tecnolog\u00edas similares que almacenan y recuperan informaci\u00f3n cuando navegas. En general, estas tecnolog\u00edas pueden servir para finalidades muy diversas, como, por ejemplo, reconocerte como usuario, obtener informaci\u00f3n sobre tus h\u00e1bitos de navegaci\u00f3n, o personalizar la forma en que se muestra el contenido. Los usos concretos que hacemos de estas tecnolog\u00edas se describen a continuaci\u00f3n.<\/p>\n<p>&nbsp;<\/p>\n<p><strong>b) Informaci\u00f3n sobre el tipo de cookies que se utilizan y su finalidad.<\/strong><\/p>\n<ul>\n<li><strong>T\u00e9cnicas:<\/strong> Son aquellas necesarias para la navegaci\u00f3n y el buen funcionamiento de nuestro website. Permiten, por ejemplo, controlar el tr\u00e1fico y la comunicaci\u00f3n de datos, acceder a partes de acceso restringido, realizar el proceso de compra de un pedido, utilizar elementos de seguridad, almacenar contenidos para poder difundir v\u00eddeos o compartir contenidos a trav\u00e9s de redes sociales.<\/li>\n<li><strong>De personalizaci\u00f3n:<\/strong> Son aqu\u00e9llas que permiten al Usuario acceder al servicio con unas caracter\u00edsticas predefinidas en funci\u00f3n de una serie de criterios, como por ejemplo el idioma, el tipo de navegador a trav\u00e9s del cual se accede al servicio, la configuraci\u00f3n regional desde donde se accede al servicio, etc.<\/li>\n<li><strong>De an\u00e1lisis:<\/strong> son aquellas que, tratadas por nosotros o por terceros, nos permiten cuantificar el n\u00famero de usuarios y as\u00ed realizar la medici\u00f3n y an\u00e1lisis estad\u00edstico de la utilizaci\u00f3n que hacen los usuarios del servicio ofertado. Para ello se analiza su navegaci\u00f3n en nuestra p\u00e1gina web con el fin de mejorar la oferta de productos o servicios que le ofrecemos.<\/li>\n<li><strong>Publicitarias:<\/strong> Son aqu\u00e9llas que permiten la gesti\u00f3n, de la forma m\u00e1s eficaz posible, de los espacios publicitarios que se pudieran incluir en nuestro website.<\/li>\n<\/ul>\n<ul>\n<li><strong>Publicitarias comportamentales<\/strong>: son aquellas que, tratadas por nosotros o por terceros, nos permiten analizar sus h\u00e1bitos de navegaci\u00f3n en Internet para que podamos mostrarle publicidad relacionada con su perfil de navegaci\u00f3n.<\/li>\n<\/ul>\n<p>&nbsp;<\/p>\n<p><strong>&#8211; Cookies utilizadas y su finalidad.<\/strong><\/p>\n<p>&nbsp;<\/p>\n<p style=\"text-align: left; padding-left: 40px;\"><strong><span style=\"color: #008080;\">__utma<\/span><\/strong><\/p>\n<p style=\"text-align: left; padding-left: 40px;\"><strong><span style=\"color: #008080;\">__utmt<\/span><\/strong><\/p>\n<p style=\"text-align: left; padding-left: 40px;\"><strong><span style=\"color: #008080;\">__utmb<\/span><\/strong><\/p>\n<p style=\"text-align: left; padding-left: 40px;\"><strong><span style=\"color: #008080;\">__utmc<\/span><\/strong><\/p>\n<p style=\"text-align: left; padding-left: 40px;\"><span style=\"color: #008080;\">_<strong>_utmz<\/strong><\/span><\/p>\n<p>&nbsp;<\/p>\n<p>&nbsp;<\/p>\n<p style=\"text-align: left; padding-left: 40px;\"><strong>Tipo:<\/strong><br \/>\nDe terceros, anal\u00edticas y cookies permanentes.<\/p>\n<p style=\"text-align: left; padding-left: 40px;\"><strong> Prop\u00f3sito:<\/strong><br \/>\nRecoger informaci\u00f3n sobre la navegaci\u00f3n de los usuarios por el sitio con el fin de conocer el origen de las visitas y otros datos similares a nivel estad\u00edstico. No obtiene datos de los nombres o apellidos de los usuarios ni de la direcci\u00f3n postal concreta desde donde se conectan.<\/p>\n<p style=\"text-align: left; padding-left: 40px;\"><strong> M\u00e1s informaci\u00f3n:<\/strong><br \/>\nGoogle Analytics<\/p>\n<p style=\"text-align: left; padding-left: 40px;\">Centro de privacidad de Google<\/p>\n<p>&nbsp;<\/p>\n<p style=\"text-align: left; padding-left: 40px;\"><strong>-Otras:<\/strong><\/p>\n<p style=\"text-align: left; padding-left: 40px;\"><strong><span style=\"color: #008080;\">CONSENT<\/span><\/strong><\/p>\n<p style=\"text-align: left; padding-left: 40px;\"><strong> Tipo:<\/strong><br \/>\nDe terceros<\/p>\n<p style=\"text-align: left; padding-left: 40px;\"><strong>Prop\u00f3sito:<\/strong><br \/>\nConsentimiento para la configuraci\u00f3n de la cookie<\/p>\n<p style=\"text-align: left; padding-left: 40px;\"><strong>M\u00e1s informaci\u00f3n:<\/strong><\/p>\n<p style=\"text-align: left; padding-left: 40px;\">https:\/\/www.cookiechoices.org<\/p>\n<p>&nbsp;<\/p>\n<p><strong>c) Identificaci\u00f3n de qui\u00e9n utiliza las <\/strong><strong>c<\/strong><strong>ookies<\/strong>:<\/p>\n<p>La informaci\u00f3n obtenida por las cookies es tratada solo por nuestro editor y\/o tambi\u00e9n por terceros con el nuestro editor haya contratado la prestaci\u00f3n de un servicio para el cual se requiera el uso de cookies:<\/p>\n<p>&nbsp;<\/p>\n<ul>\n<li><strong>Cookies propias<\/strong>: Son aquellas que se env\u00edan a su equipo desde nuestros propios equipos o dominios y desde el que prestamos el servicio que nos solicita.<\/li>\n<li><strong>Cookies de terceros<\/strong>: Son aquellas que se env\u00edan a su equipo desde un equipo o dominio que no es gestionado por nosotros, sino por otra entidad colaboradora. Como, por ejemplo, las usadas por redes sociales, o por contenido externo como Google Maps, las que permiten cuantificar el n\u00famero de usuarios y as\u00ed realizar la medici\u00f3n y an\u00e1lisis estad\u00edstico de la utilizaci\u00f3n que hacen los usuarios del servicio ofertado. Para ello se analiza su navegaci\u00f3n en nuestra p\u00e1gina web con el fin de mejorar la oferta de productos o servicios que le ofrecemos. <strong><u>+ Conoce a los terceros <\/u><\/strong>&lt;<span style=\"color: #ff0000;\">link a la pol\u00edtica de cookies de los terceros<\/span>&gt;<\/li>\n<\/ul>\n<p>&nbsp;<\/p>\n<p><strong>d) Puede usted permitir o bloquear las cookies, as\u00ed como borrar sus datos de navegaci\u00f3n (incluidas las cookies) desde <\/strong>el navegador que usted utiliza. Consulte las opciones e instrucciones que ofrece su navegador para ello. Tenga en cuenta que, si acepta las cookies de terceros, deber\u00e1 eliminarlas desde las opciones del navegador.<\/p>\n<p>&nbsp;<\/p>\n<p><strong>e) No realizamos transferencias de datos a terceros pa\u00edses realizadas por el editor.<\/strong><\/p>\n<p>Puedes informarte de las transferencias a terceros pa\u00edses que, en su caso, realizan los terceros identificados en esta pol\u00edtica de cookies en sus correspondientes pol\u00edticas (ver los enlaces facilitados en el apartado \u201cCookies de terceros\u201d).<\/p>\n<p>&nbsp;<\/p>\n<p><strong>f) La elaboraci\u00f3n de perfiles que realizamos implica la toma de decisiones automatizadas con efectos jur\u00eddicos para el usuario o que le afectan significativamente de modo similar.<\/strong><\/p>\n<p>&nbsp;<\/p>\n<p><strong>g) Periodo de conservaci\u00f3n<\/strong> de los datos para los diferentes fines en los t\u00e9rminos establecidos en el art\u00edculo 13.2 a) del RGPD:<\/p>\n<p>&nbsp;<\/p>\n<ul>\n<li><strong>Cookies de sesi\u00f3n<\/strong>: Son cookies temporales que permanecen en el archivo de cookies de su navegador hasta que el Usuario abandona la p\u00e1gina web, por lo que ninguna queda registrada en el disco duro de su ordenador. La informaci\u00f3n obtenida por medio de estas cookies, sirven para analizar pautas de tr\u00e1fico en el website. A la larga, esto nos permite proporcionar una mejor experiencia para mejorar el contenido y facilitar su uso.<\/li>\n<li><strong>Cookies persistentes<\/strong>: son almacenadas en el disco duro y nuestra web las lee cada vez que el Usuario realiza una nueva visita. Una cookie permanente posee una fecha de expiraci\u00f3n determinada. La cookie dejar\u00e1 de funcionar despu\u00e9s de esa fecha. Estas cookies las utilizamos, generalmente, para facilitar los servicios de compra y registro.<\/li>\n<\/ul>\n<p>&nbsp;<\/p>\n<p><strong>h) En relaci\u00f3n con el resto de informaci\u00f3n exigida por el art\u00edculo 13 RGPD puedes verla <a href=\"https:\/\/www.manin.es\/en\/politica-de-privacidad\/\"><span style=\"color: #1abc9c;\">aqu\u00ed<\/span><\/a><\/strong>.<span style=\"color: #ff0000;\">\u00a0<\/span><\/p>\n<p>&nbsp;<\/p>\n<p>&nbsp;<\/p>\n<p>&nbsp;<\/p>\n\n\t\t<\/div> \n\t<\/div> <\/div><\/div><\/div><div class=\"wpb_column vc_column_container vc_col-sm-2\"><div class=\"vc_column-inner\"><div class=\"wpb_wrapper\"><\/div><\/div><\/div><\/div><\/div>","protected":false},"excerpt":{"rendered":"Pol\u00edtica de cookies. &nbsp; a) Definici\u00f3n y funci\u00f3n gen\u00e9rica de las cookies. El titular de este sitio web informa que se utilizan cookies y\/o tecnolog\u00edas similares que almacenan y recuperan informaci\u00f3n cuando navegas. En general, estas tecnolog\u00edas pueden servir para finalidades muy diversas, como, por...","protected":false},"author":1,"featured_media":0,"parent":0,"menu_order":0,"comment_status":"closed","ping_status":"closed","template":"","meta":[],"yoast_head":"<!-- This site is optimized with the Yoast SEO plugin v15.9.1 - https:\/\/yoast.com\/wordpress\/plugins\/seo\/ -->\n<title>Pol\u00edtica de cookies<\/title>\n<meta name=\"robots\" content=\"index, follow, max-snippet:-1, max-image-preview:large, max-video-preview:-1\" \/>\n<link rel=\"canonical\" href=\"https:\/\/www.manin.es\/en\/politica-de-cookies\/\" \/>\n<meta property=\"og:locale\" content=\"en_GB\" \/>\n<meta property=\"og:type\" content=\"article\" \/>\n<meta property=\"og:title\" content=\"Pol\u00edtica de cookies\" \/>\n<meta property=\"og:url\" content=\"https:\/\/www.manin.es\/en\/politica-de-cookies\/\" \/>\n<meta property=\"og:site_name\" content=\"Grupo Man\u00edn\" \/>\n<meta property=\"article:modified_time\" content=\"2020-09-22T08:01:29+00:00\" \/>\n<meta name=\"twitter:card\" content=\"summary\" \/>\n<meta name=\"twitter:label1\" content=\"Estimated reading time\">\n\t<meta name=\"twitter:data1\" content=\"5 minutes\">\n<script type=\"application\/ld+json\" class=\"yoast-schema-graph\">{\"@context\":\"https:\/\/schema.org\",\"@graph\":[{\"@type\":\"Organization\",\"@id\":\"https:\/\/www.manin.es\/#organization\",\"name\":\"Grupo Manin. Arte Promocional\",\"url\":\"https:\/\/www.manin.es\/\",\"sameAs\":[],\"logo\":{\"@type\":\"ImageObject\",\"@id\":\"https:\/\/www.manin.es\/#logo\",\"inLanguage\":\"en-GB\",\"url\":\"https:\/\/www.manin.es\/wp-content\/uploads\/2017\/07\/logo-3-1-e1500570969504.png\",\"width\":110,\"height\":34,\"caption\":\"Grupo Manin. Arte Promocional\"},\"image\":{\"@id\":\"https:\/\/www.manin.es\/#logo\"}},{\"@type\":\"WebSite\",\"@id\":\"https:\/\/www.manin.es\/#website\",\"url\":\"https:\/\/www.manin.es\/\",\"name\":\"Grupo Man\\u00edn\",\"description\":\"Regalos promocionales, merchandising y packaging\",\"publisher\":{\"@id\":\"https:\/\/www.manin.es\/#organization\"},\"potentialAction\":[{\"@type\":\"SearchAction\",\"target\":\"https:\/\/www.manin.es\/?s={search_term_string}\",\"query-input\":\"required name=search_term_string\"}],\"inLanguage\":\"en-GB\"},{\"@type\":\"WebPage\",\"@id\":\"https:\/\/www.manin.es\/politica-de-cookies\/#webpage\",\"url\":\"https:\/\/www.manin.es\/politica-de-cookies\/\",\"name\":\"Pol\\u00edtica de cookies\",\"isPartOf\":{\"@id\":\"https:\/\/www.manin.es\/#website\"},\"datePublished\":\"2019-04-08T08:05:57+00:00\",\"dateModified\":\"2020-09-22T08:01:29+00:00\",\"breadcrumb\":{\"@id\":\"https:\/\/www.manin.es\/politica-de-cookies\/#breadcrumb\"},\"inLanguage\":\"en-GB\",\"potentialAction\":[{\"@type\":\"ReadAction\",\"target\":[\"https:\/\/www.manin.es\/politica-de-cookies\/\"]}]},{\"@type\":\"BreadcrumbList\",\"@id\":\"https:\/\/www.manin.es\/politica-de-cookies\/#breadcrumb\",\"itemListElement\":[{\"@type\":\"ListItem\",\"position\":1,\"item\":{\"@type\":\"WebPage\",\"@id\":\"https:\/\/www.manin.es\/\",\"url\":\"https:\/\/www.manin.es\/\",\"name\":\"Portada\"}},{\"@type\":\"ListItem\",\"position\":2,\"item\":{\"@type\":\"WebPage\",\"@id\":\"https:\/\/www.manin.es\/politica-de-cookies\/\",\"url\":\"https:\/\/www.manin.es\/politica-de-cookies\/\",\"name\":\"Pol\\u00edtica de cookies\"}}]}]}<\/script>\n<!-- \/ Yoast SEO plugin. -->","_links":{"self":[{"href":"https:\/\/www.manin.es\/en\/wp-json\/wp\/v2\/pages\/1467"}],"collection":[{"href":"https:\/\/www.manin.es\/en\/wp-json\/wp\/v2\/pages"}],"about":[{"href":"https:\/\/www.manin.es\/en\/wp-json\/wp\/v2\/types\/page"}],"author":[{"embeddable":true,"href":"https:\/\/www.manin.es\/en\/wp-json\/wp\/v2\/users\/1"}],"replies":[{"embeddable":true,"href":"https:\/\/www.manin.es\/en\/wp-json\/wp\/v2\/comments?post=1467"}],"version-history":[{"count":6,"href":"https:\/\/www.manin.es\/en\/wp-json\/wp\/v2\/pages\/1467\/revisions"}],"predecessor-version":[{"id":1794,"href":"https:\/\/www.manin.es\/en\/wp-json\/wp\/v2\/pages\/1467\/revisions\/1794"}],"wp:attachment":[{"href":"https:\/\/www.manin.es\/en\/wp-json\/wp\/v2\/media?parent=1467"}],"curies":[{"name":"wp","href":"https:\/\/api.w.org\/{rel}","templated":true}]}}